{"id":43858,"date":"2025-01-09T11:13:39","date_gmt":"2025-01-09T10:13:39","guid":{"rendered":"https:\/\/remax-stbarths.com\/villas-de-luxe-a-saint-barthelemy-accessibles-depuis-la-ville-de-new-york\/"},"modified":"2025-01-09T11:49:21","modified_gmt":"2025-01-09T10:49:21","slug":"villas-de-luxe-a-saint-barthelemy-accessibles-depuis-la-ville-de-new-york","status":"publish","type":"page","link":"https:\/\/remax-stbarths.com\/fr\/villas-de-luxe-a-saint-barthelemy-accessibles-depuis-la-ville-de-new-york\/","title":{"rendered":"Location d&rsquo;une villa de luxe \u00e0 Saint-Barth\u00e9lemy accessible depuis la ville de New York"},"content":{"rendered":"<p><center><br \/>\n<img title=\"Villa de luxe \u00e0 Saint-Barth\u00e9lemy accessible depuis la ville de New York\" src=\"https:\/\/remax-stbarths.com\/wp-content\/uploads\/2024\/11\/remax-services-villa-st-barts-5.jpg\" alt=\"Location d'une villa de luxe \u00e0 Saint-Barth\u00e9lemy accessible depuis la ville de New York\" width=\"1200\" height=\"309\" class=\"size-full wp-image-43548\"><\/p>\n<div id=\"rental\">\n<div class=\"title-container\">\n<h1><span>Location d&rsquo;une villa de luxe \u00e0 Saint-Barth\u00e9lemy accessible depuis New York<\/span><\/h1>\n<p class=\"title-desc\">D\u00e9couvrez la villa de luxe de Saint-Barth\u00e9lemy avec Remax St Barts<\/p>\n<\/div>\n<h2>Pourquoi choisir Saint-Barth\u00e9lemy pour vos vacances de luxe ?<\/h2>\n<p style=\"margin-left: 5px;margin-right:5px;\">Lorsqu&rsquo;il s&rsquo;agit d&rsquo;escapades exclusives, Saint-Barth\u00e9lemy, souvent affectueusement appel\u00e9e Saint-Barth ou Saint-Barth, est un paradis qui n&rsquo;a plus besoin d&rsquo;\u00eatre pr\u00e9sent\u00e9. Connue pour ses plages immacul\u00e9es, ses eaux cristallines et son mode de vie luxueux, cette perle des Cara\u00efbes est la destination id\u00e9ale pour les voyageurs exigeants en qu\u00eate d&rsquo;intimit\u00e9, d&rsquo;\u00e9l\u00e9gance et d&rsquo;exp\u00e9riences inoubliables. Pour les habitants des \u00c9tats-Unis, en particulier ceux de la tr\u00e9pidante ville de New York, s&rsquo;\u00e9vader dans le charme tranquille de Saint-Barth constitue un r\u00e9pit bienvenu. Que vous r\u00eaviez d&rsquo;une retraite romantique, de vacances en famille ou de l&rsquo;organisation d&rsquo;un \u00e9v\u00e9nement exclusif, Remax St. Barth est votre partenaire de confiance pour trouver la villa de luxe parfaite qui r\u00e9pondra \u00e0 tous vos besoins.   <\/p>\n<p><\/p>\n<p><img title=\"Villa St Barth Property Management REMAX 3\" src=\"https:\/\/remax-stbarths.com\/wp-content\/uploads\/2024\/11\/Villa-St-Barth-Property-Management-REMAX-3.jpg\" alt=\"Villa St Barth Property Management REMAX 3\" width=\"800\" height=\"568\" class=\"size-full wp-image-43609\"> <\/p>\n<h2>Remax St Barts : Votre portail pour louer des villas de luxe<\/h2>\n<p style=\"margin-left: 5px;margin-right:5px;max-width:500px;\">Avec des ann\u00e9es d&rsquo;expertise dans l&rsquo;immobilier de luxe, Remax St. Barth est votre agence de r\u00e9f\u00e9rence pour trouver des locations de vacances exceptionnelles \u00e0 Saint Barth\u00e9l\u00e9my. Voici pourquoi les r\u00e9sidents am\u00e9ricains, en particulier les New-Yorkais, font confiance \u00e0 Remax pour leurs escapades dans les Cara\u00efbes. <\/p>\n<p><\/p>\n<h3>Vaste portefeuille de villas \u00e0 louer<\/h3>\n<p style=\"margin-top:-10px;margin-left: 5px;margin-right:5px;max-width:500px;\">Des retraites \u00e0 flanc de colline avec vue panoramique sur l&rsquo;oc\u00e9an aux propri\u00e9t\u00e9s en bord de mer avec acc\u00e8s direct \u00e0 l&rsquo;eau, Remax propose une gamme vari\u00e9e de villas de luxe adapt\u00e9es \u00e0 vos pr\u00e9f\u00e9rences.<\/p>\n<p><\/p>\n<h3>Service personnalis\u00e9<\/h3>\n<p style=\"margin-top:-10px;margin-left: 5px;margin-right:5px;max-width:500px;\">L&rsquo;\u00e9quipe de Remax St Barts vous offre une assistance personnalis\u00e9e pour que votre s\u00e9jour soit parfait, du choix de la villa id\u00e9ale \u00e0 l&rsquo;organisation de services de conciergerie tels que des chefs priv\u00e9s, des charters de yacht ou des traitements de spa.<\/p>\n<p><\/p>\n<h3>Emplacements privil\u00e9gi\u00e9s<\/h3>\n<p style=\"margin-top:-10px;margin-left: 5px;margin-right:5px;max-width:500px;\">Que vous pr\u00e9f\u00e9riez l&rsquo;\u00e9nergie vibrante de St Jean, l&rsquo;\u00e9l\u00e9gance tranquille de Flamands, ou l&rsquo;exclusivit\u00e9 de Gouverneur Beach, Remax a des options dans tous les endroits d\u00e9sirables de l&rsquo;\u00eele.<\/p>\n<h2>Location de villa de luxe \u00e0 St Barth pour votre prochaine escapade<\/h2>\n<h3 class=\"title\" style=\"text-align: center;\"><a href=\"https:\/\/remax-stbarths.com\/rental\/villa-quartz\/\">VILLA QUARTZ<\/a><\/h3>\n<p><img class=\" wp-image-33233\" title=\"ISSAYAH QUARTZ 111\" src=\"https:\/\/remax-stbarths.com\/wp-content\/uploads\/2024\/08\/ISSAYAH-QUARTZ-111-scaled.jpg\" alt=\"ISSAYAH QUARTZ 111 St Barts location New Yorkers\" width=\"378\" height=\"283\" srcset=\"https:\/\/remax-stbarths.com\/wp-content\/uploads\/2024\/08\/ISSAYAH-QUARTZ-111-scaled.jpg 2048w, https:\/\/remax-stbarths.com\/wp-content\/uploads\/2024\/08\/ISSAYAH-QUARTZ-111-1536x1150.jpg 1536w\" sizes=\"(max-width: 378px) 100vw, 378px\" \/><\/p>\n<p>&nbsp;<\/p>\n<p style=\"text-align: center;\">Bienvenue \u00e0 la Villa QUARTZ, une luxueuse <span class=\"notion-enable-hover\" data-token-index=\"0\">location de <\/span> vacances <span class=\"notion-enable-hover\" data-token-index=\"0\">\u00e0 Saint-Barth\u00e9lemy <\/span><!-- notionvc: 665df442-adba-4819-9765-f57cf9fc675c --> avec une vue imprenable sur le Grand-Cul-de-Sac. Cette propri\u00e9t\u00e9 spacieuse dispose de trois chambres. Elle comprend \u00e9galement une piscine chauff\u00e9e et des \u00e9quipements haut de gamme dans un cadre tropical serein. Avec une vue panoramique sur le lagon, la Villa QUARTZ vous promet un s\u00e9jour inoubliable pour six personnes. La Villa QUARTZ est une magnifique<span class=\"notion-enable-hover\" data-token-index=\"0\"> location \u00e0 Saint-Barth\u00e9lemy<\/span> pour les New-Yorkais \u00e0 la recherche d&rsquo;une retraite sereine.    <\/p>\n<p><!-- notionvc: daf1af33-d608-4bac-92ad-e62cbab0534a --><\/p>\n<p>&nbsp;<\/p>\n<h3 class=\"title\" style=\"text-align: center;\"><a href=\"https:\/\/remax-stbarths.com\/rental\/villa-larimar\/\">VILLA LARIMAR<\/a><\/h3>\n<p><img class=\" wp-image-33569\" title=\"ISSAYAH LARIMAR 104\" src=\"https:\/\/remax-stbarths.com\/wp-content\/uploads\/2024\/08\/ISSAYAH-LARIMAR-104-scaled.jpg\" alt=\"ISSAYAH LARIMAR 104\" width=\"439\" height=\"293\" srcset=\"https:\/\/remax-stbarths.com\/wp-content\/uploads\/2024\/08\/ISSAYAH-LARIMAR-104-scaled.jpg 2048w, https:\/\/remax-stbarths.com\/wp-content\/uploads\/2024\/08\/ISSAYAH-LARIMAR-104-1536x1025.jpg 1536w, https:\/\/remax-stbarths.com\/wp-content\/uploads\/2024\/08\/ISSAYAH-LARIMAR-104-600x400.jpg 600w\" sizes=\"(max-width: 439px) 100vw, 439px\" \/><\/p>\n<p>&nbsp;<\/p>\n<p style=\"text-align: center;\">D\u00e9couvrez la Villa Larimar au bout du Chemin du Grand Cul de Sac. Cette somptueuse villa sign\u00e9e <a href=\"\" target=\"\" rel=\"noopener\">Bruneau Ghezzi Architectes<\/a> offre quatre chambres de ma\u00eetre. Tout d&rsquo;abord, la vaste terrasse abrite un salon ext\u00e9rieur accueillant et une superbe table pouvant accueillir jusqu&rsquo;\u00e0 10 personnes. D&rsquo;un c\u00f4t\u00e9, une magnifique arche en tesson d&rsquo;ambre se refl\u00e8te dans le lagon turquoise, offrant une vue sereine sur les tortues de mer qui nagent.   <\/p>\n<p style=\"text-align: center;\">En outre, une v\u00e9g\u00e9tation tropicale luxuriante entoure la villa, cr\u00e9ant un environnement rafra\u00eechissant et relaxant. Enfin, des produits d&rsquo;accueil haut de gamme ajoutent une touche de luxe suppl\u00e9mentaire \u00e0 cet endroit exceptionnel. <!-- notionvc: ebcbbe09-f81d-46d3-a3b9-7621b7df19c9 --><!-- notionvc: bece35f3-1620-4f1e-bd48-dc711a71f0e2 --><\/p>\n<p>&nbsp;<\/p>\n<h3 style=\"text-align: center;\"><a href=\"https:\/\/remax-stbarths.com\/rental\/villa-tourmaline\/\">VILLA TOURMALINE<\/a><\/h3>\n<p><img class=\" wp-image-33363\" title=\"ISSAYAH TOURMALINE 103\" src=\"https:\/\/remax-stbarths.com\/wp-content\/uploads\/2024\/08\/ISSAYAH-TOURMALINE-103-scaled.jpg\" alt=\"ISSAYAH TOURMALINE 103\" width=\"400\" height=\"267\" srcset=\"https:\/\/remax-stbarths.com\/wp-content\/uploads\/2024\/08\/ISSAYAH-TOURMALINE-103-scaled.jpg 2048w, https:\/\/remax-stbarths.com\/wp-content\/uploads\/2024\/08\/ISSAYAH-TOURMALINE-103-1536x1024.jpg 1536w, https:\/\/remax-stbarths.com\/wp-content\/uploads\/2024\/08\/ISSAYAH-TOURMALINE-103-600x400.jpg 600w\" sizes=\"(max-width: 400px) 100vw, 400px\" \/><\/p>\n<p>&nbsp;<\/p>\n<p style=\"text-align: center;\">  La Villa TOURMALINE est une retraite de trois chambres \u00e0 coucher situ\u00e9e \u00e0 Grand-Cul-de-Sac, \u00e0 Saint-Barth\u00e9lemy. Outre une vue imprenable sur le lagon, cette location de luxe \u00e0 Saint-Barth\u00e9lemy dispose d&rsquo;\u00e9quipements de premi\u00e8re classe et d&rsquo;une salle de sport priv\u00e9e, ce qui en fait la destination id\u00e9ale pour une escapade de groupe inoubliable. <\/p>\n<p style=\"text-align: center;\">Tout d&rsquo;abord, la Villa TOURMALINE s&rsquo;\u00e9tend sur plusieurs niveaux et offre des int\u00e9rieurs spacieux. Elle est d&rsquo;autant plus lumineuse qu&rsquo;elle est situ\u00e9e au calme et \u00e0 l&rsquo;abri des regards. Sans oublier une piscine chauff\u00e9e de 16 m\u00e8tres sur la terrasse en bois, entour\u00e9e de chaises longues. Ce cadre constitue une oasis priv\u00e9e pour les bains de soleil. Vous trouverez \u00e9galement une salle de fitness enti\u00e8rement \u00e9quip\u00e9e.    <\/p>\n<p style=\"text-align: center;\">En conclusion, au milieu de l&rsquo;extraordinaire beaut\u00e9 de Grand-Cul-de-Sac, la Villa TOURMALINE est le havre ultime pour une retraite de groupe \u00e0 Saint-Barth\u00e9lemy.<\/p>\n<p>&nbsp;<\/p>\n<p>&nbsp;<\/p>\n<p><!-- notionvc: f322ace7-96f2-4213-be49-a9ff1a3f1a08 --><\/p>\n<h3 style=\"text-align: center;\"><a href=\"https:\/\/remax-stbarths.com\/rental\/villa-lazuli\/\">VILLA LAZULI<\/a><\/h3>\n<p><img class=\" wp-image-33661\" title=\"ISSAYAH LAZULI 45\" src=\"https:\/\/remax-stbarths.com\/wp-content\/uploads\/2024\/08\/ISSAYAH-LAZULI-45-scaled.jpg\" alt=\"ISSAYAH LAZULI 45\" width=\"426\" height=\"284\" srcset=\"https:\/\/remax-stbarths.com\/wp-content\/uploads\/2024\/08\/ISSAYAH-LAZULI-45-scaled.jpg 2048w, https:\/\/remax-stbarths.com\/wp-content\/uploads\/2024\/08\/ISSAYAH-LAZULI-45-1536x1025.jpg 1536w, https:\/\/remax-stbarths.com\/wp-content\/uploads\/2024\/08\/ISSAYAH-LAZULI-45-600x400.jpg 600w\" sizes=\"(max-width: 426px) 100vw, 426px\" \/><\/p>\n<p>&nbsp;<\/p>\n<p style=\"text-align: center;\">La Villa Lazuli est une retraite luxueuse qui combine non seulement des influences exotiques, mais aussi un charme rustique, m\u00ealant la luxuriance des Cara\u00efbes \u00e0 la douceur de la pampa.<\/p>\n<p style=\"text-align: center;\">Entrez et profitez de la cuisine moderne et fonctionnelle et de la cave \u00e0 vin magnifiquement d\u00e9cor\u00e9e, parfaite pour les connaisseurs.<\/p>\n<p style=\"text-align: center;\">\u00c0 l&rsquo;ext\u00e9rieur, l&rsquo;impressionnante piscine vous invite \u00e0 profiter de la tranquillit\u00e9 des Cara\u00efbes, loin du stress de New York. La Villa Lazuli offre le cadre id\u00e9al pour une escapade luxueuse o\u00f9 l&rsquo;\u00e9l\u00e9gance c\u00f4toie la s\u00e9r\u00e9nit\u00e9. <\/p>\n<p style=\"text-align: center;\">Vous avez besoin de plus d&rsquo;espace ? Combinez la Villa Lazuli avec d&rsquo;autres villas \u00e0 Issayah Estate. Louez la Villa Quartz pour 7 chambres, ou ajoutez les Villas Quartz et Larimar pour 11 chambres. Pour 14 chambres, ajoutez la Villa Tourmaline. Veuillez noter que l&rsquo;option 14 chambres n&rsquo;est pas disponible pendant la saison des vacances.    <\/p>\n<p><!-- notionvc: be0203f5-4922-49a1-9cb2-495e138b6ae7 --><\/p>\n<p>&nbsp;<\/p>\n<h2>Pourquoi Saint-Barth\u00e9lemy est parfaite pour les New-Yorkais<\/h2>\n<p style=\"margin-left: 5px;margin-right:5px;\">Pour les habitants de la ville de New York, Saint-Barth\u00e9lemy offre un m\u00e9lange harmonieux de sophistication et de d\u00e9tente. Le court vol de New York \u00e0 Saint-Martin, suivi d&rsquo;une correspondance rapide par avion ou par ferry, permet de s&rsquo;\u00e9vader le temps d&rsquo;un week-end ou de prendre des vacances prolong\u00e9es. La culture vibrante de Saint-Barth\u00e9lemy, associ\u00e9e \u00e0 son environnement paisible, en fait un lieu de pr\u00e9dilection pour ceux qui cherchent \u00e0 \u00e9chapper au rythme effr\u00e9n\u00e9 de la ville, sans pour autant renoncer au luxe ou au raffinement.  <\/p>\n<p><\/p>\n<h2>Planifiez votre escapade de r\u00eave avec Remax St Barts<\/h2>\n<p style=\"margin-left: 5px;margin-right:5px;\">Avec Remax St Barts, la r\u00e9servation de votre villa de luxe se fait en toute transparence. L&rsquo;agence s&rsquo;occupe de tous les d\u00e9tails, de la recherche de la propri\u00e9t\u00e9 id\u00e9ale \u00e0 l&rsquo;organisation d&rsquo;exp\u00e9riences sur mesure qui rendront votre voyage inoubliable. N&rsquo;attendez pas pour d\u00e9couvrir pourquoi Saint-Barth\u00e9lemy est la destination id\u00e9ale pour les voyageurs exigeants. Parcourez nos villas \u00e0 louer aujourd&rsquo;hui et explorez notre portefeuille exceptionnel de villas de luxe et commencez \u00e0 planifier votre escapade de r\u00eave.   <\/p>\n<p><\/p>\n<p style=\"text-align: center;\">__________<\/p>\n<p style=\"text-align: center;\">Pour plus d&rsquo;informations, n&rsquo;h\u00e9sitez pas \u00e0 contacter notre \u00e9quipe de r\u00e9servation reservations@remax-stbarths.com<\/p>\n<p style=\"text-align: center;\">Parlez \u00e0 un sp\u00e9cialiste des villas +590 590 29 78 20<\/p>\n<p><!-- notionvc: 8ba6a468-5096-46cf-a64c-8d9dbba0a8a2 -->\n<\/div>\n<p><\/center><\/p>\n","protected":false},"excerpt":{"rendered":"<p>Location d&rsquo;une villa de luxe \u00e0 Saint-Barth\u00e9lemy accessible depuis New York D\u00e9couvrez la villa de luxe de Saint-Barth\u00e9lemy avec Remax St Barts Pourquoi choisir Saint-Barth\u00e9lemy pour vos vacances de luxe ? Lorsqu&rsquo;il s&rsquo;agit d&rsquo;escapades exclusives, Saint-Barth\u00e9lemy, souvent affectueusement appel\u00e9e Saint-Barth ou Saint-Barth, est un paradis qui n&rsquo;a plus besoin d&rsquo;\u00eatre pr\u00e9sent\u00e9. Connue pour ses plages [&hellip;]<\/p>\n","protected":false},"author":2,"featured_media":0,"parent":0,"menu_order":0,"comment_status":"closed","ping_status":"closed","template":"","meta":[],"yoast_head":"<!-- This site is optimized with the Yoast SEO plugin v18.0 - https:\/\/yoast.com\/wordpress\/plugins\/seo\/ -->\n<meta name=\"description\" content=\"Location d&#039;une villa de luxe \u00e0 Saint-Barth\u00e9lemy accessible depuis New York City. D\u00e9couvrez les villas de luxe de Saint-Barth\u00e9lemy avec Remax St Barts.\" \/>\n<meta name=\"robots\" content=\"index, follow, max-snippet:-1, max-image-preview:large, max-video-preview:-1\" \/>\n<link rel=\"canonical\" href=\"https:\/\/remax-stbarths.com\/fr\/villas-de-luxe-a-saint-barthelemy-accessibles-depuis-la-ville-de-new-york\/\" \/>\n<meta property=\"og:locale\" content=\"fr_FR\" \/>\n<meta property=\"og:type\" content=\"article\" \/>\n<meta property=\"og:title\" content=\"Location d&#039;une villa de luxe \u00e0 Saint-Barth\u00e9lemy, \u00e0 proximit\u00e9 de la ville de New York\" \/>\n<meta property=\"og:description\" content=\"Location d&#039;une villa de luxe \u00e0 Saint-Barth\u00e9lemy accessible depuis New York City. D\u00e9couvrez les villas de luxe de Saint-Barth\u00e9lemy avec Remax St Barts.\" \/>\n<meta property=\"og:url\" content=\"https:\/\/remax-stbarths.com\/fr\/villas-de-luxe-a-saint-barthelemy-accessibles-depuis-la-ville-de-new-york\/\" \/>\n<meta property=\"og:site_name\" content=\"Remax St-Barts\" \/>\n<meta property=\"article:modified_time\" content=\"2025-01-09T10:49:21+00:00\" \/>\n<meta property=\"og:image\" content=\"https:\/\/remax-stbarths.com\/wp-content\/uploads\/2024\/11\/remax-services-villa-st-barts-5.jpg\" \/>\n<meta name=\"twitter:card\" content=\"summary_large_image\" \/>\n<meta name=\"twitter:label1\" content=\"Dur\u00e9e de lecture estim\u00e9e\" \/>\n\t<meta name=\"twitter:data1\" content=\"5 minutes\" \/>\n<script type=\"application\/ld+json\" class=\"yoast-schema-graph\">{\"@context\":\"https:\/\/schema.org\",\"@graph\":[{\"@type\":\"WebSite\",\"@id\":\"https:\/\/remax-stbarths.com\/#website\",\"url\":\"https:\/\/remax-stbarths.com\/\",\"name\":\"Remax St-Barts\",\"description\":\"St Barth Villa Rental &amp; Real Estate Specialists\",\"potentialAction\":[{\"@type\":\"SearchAction\",\"target\":{\"@type\":\"EntryPoint\",\"urlTemplate\":\"https:\/\/remax-stbarths.com\/?s={search_term_string}\"},\"query-input\":\"required name=search_term_string\"}],\"inLanguage\":\"fr-FR\"},{\"@type\":\"ImageObject\",\"@id\":\"https:\/\/remax-stbarths.com\/fr\/villas-de-luxe-a-saint-barthelemy-accessibles-depuis-la-ville-de-new-york\/#primaryimage\",\"inLanguage\":\"fr-FR\",\"url\":\"https:\/\/remax-stbarths.com\/wp-content\/uploads\/2024\/11\/remax-services-villa-st-barts-5.jpg\",\"contentUrl\":\"https:\/\/remax-stbarths.com\/wp-content\/uploads\/2024\/11\/remax-services-villa-st-barts-5.jpg\",\"width\":1500,\"height\":309,\"caption\":\"remax services villa st barts 5\"},{\"@type\":\"WebPage\",\"@id\":\"https:\/\/remax-stbarths.com\/fr\/villas-de-luxe-a-saint-barthelemy-accessibles-depuis-la-ville-de-new-york\/#webpage\",\"url\":\"https:\/\/remax-stbarths.com\/fr\/villas-de-luxe-a-saint-barthelemy-accessibles-depuis-la-ville-de-new-york\/\",\"name\":\"Location d'une villa de luxe \u00e0 Saint-Barth\u00e9lemy, \u00e0 proximit\u00e9 de la ville de New York\",\"isPartOf\":{\"@id\":\"https:\/\/remax-stbarths.com\/#website\"},\"primaryImageOfPage\":{\"@id\":\"https:\/\/remax-stbarths.com\/fr\/villas-de-luxe-a-saint-barthelemy-accessibles-depuis-la-ville-de-new-york\/#primaryimage\"},\"datePublished\":\"2025-01-09T10:13:39+00:00\",\"dateModified\":\"2025-01-09T10:49:21+00:00\",\"description\":\"Location d'une villa de luxe \u00e0 Saint-Barth\u00e9lemy accessible depuis New York City. D\u00e9couvrez les villas de luxe de Saint-Barth\u00e9lemy avec Remax St Barts.\",\"breadcrumb\":{\"@id\":\"https:\/\/remax-stbarths.com\/fr\/villas-de-luxe-a-saint-barthelemy-accessibles-depuis-la-ville-de-new-york\/#breadcrumb\"},\"inLanguage\":\"fr-FR\",\"potentialAction\":[{\"@type\":\"ReadAction\",\"target\":[\"https:\/\/remax-stbarths.com\/fr\/villas-de-luxe-a-saint-barthelemy-accessibles-depuis-la-ville-de-new-york\/\"]}]},{\"@type\":\"BreadcrumbList\",\"@id\":\"https:\/\/remax-stbarths.com\/fr\/villas-de-luxe-a-saint-barthelemy-accessibles-depuis-la-ville-de-new-york\/#breadcrumb\",\"itemListElement\":[{\"@type\":\"ListItem\",\"position\":1,\"name\":\"Accueil\",\"item\":\"https:\/\/remax-stbarths.com\/fr\/\"},{\"@type\":\"ListItem\",\"position\":2,\"name\":\"Location d&rsquo;une villa de luxe \u00e0 Saint-Barth\u00e9lemy accessible depuis la ville de New York\"}]}]}<\/script>\n<!-- \/ Yoast SEO plugin. -->","yoast_head_json":{"description":"Location d'une villa de luxe \u00e0 Saint-Barth\u00e9lemy accessible depuis New York City. D\u00e9couvrez les villas de luxe de Saint-Barth\u00e9lemy avec Remax St Barts.","robots":{"index":"index","follow":"follow","max-snippet":"max-snippet:-1","max-image-preview":"max-image-preview:large","max-video-preview":"max-video-preview:-1"},"canonical":"https:\/\/remax-stbarths.com\/fr\/villas-de-luxe-a-saint-barthelemy-accessibles-depuis-la-ville-de-new-york\/","og_locale":"fr_FR","og_type":"article","og_title":"Location d'une villa de luxe \u00e0 Saint-Barth\u00e9lemy, \u00e0 proximit\u00e9 de la ville de New York","og_description":"Location d'une villa de luxe \u00e0 Saint-Barth\u00e9lemy accessible depuis New York City. D\u00e9couvrez les villas de luxe de Saint-Barth\u00e9lemy avec Remax St Barts.","og_url":"https:\/\/remax-stbarths.com\/fr\/villas-de-luxe-a-saint-barthelemy-accessibles-depuis-la-ville-de-new-york\/","og_site_name":"Remax St-Barts","article_modified_time":"2025-01-09T10:49:21+00:00","og_image":[{"url":"https:\/\/remax-stbarths.com\/wp-content\/uploads\/2024\/11\/remax-services-villa-st-barts-5.jpg"}],"twitter_card":"summary_large_image","twitter_misc":{"Dur\u00e9e de lecture estim\u00e9e":"5 minutes"},"schema":{"@context":"https:\/\/schema.org","@graph":[{"@type":"WebSite","@id":"https:\/\/remax-stbarths.com\/#website","url":"https:\/\/remax-stbarths.com\/","name":"Remax St-Barts","description":"St Barth Villa Rental &amp; Real Estate Specialists","potentialAction":[{"@type":"SearchAction","target":{"@type":"EntryPoint","urlTemplate":"https:\/\/remax-stbarths.com\/?s={search_term_string}"},"query-input":"required name=search_term_string"}],"inLanguage":"fr-FR"},{"@type":"ImageObject","@id":"https:\/\/remax-stbarths.com\/fr\/villas-de-luxe-a-saint-barthelemy-accessibles-depuis-la-ville-de-new-york\/#primaryimage","inLanguage":"fr-FR","url":"https:\/\/remax-stbarths.com\/wp-content\/uploads\/2024\/11\/remax-services-villa-st-barts-5.jpg","contentUrl":"https:\/\/remax-stbarths.com\/wp-content\/uploads\/2024\/11\/remax-services-villa-st-barts-5.jpg","width":1500,"height":309,"caption":"remax services villa st barts 5"},{"@type":"WebPage","@id":"https:\/\/remax-stbarths.com\/fr\/villas-de-luxe-a-saint-barthelemy-accessibles-depuis-la-ville-de-new-york\/#webpage","url":"https:\/\/remax-stbarths.com\/fr\/villas-de-luxe-a-saint-barthelemy-accessibles-depuis-la-ville-de-new-york\/","name":"Location d'une villa de luxe \u00e0 Saint-Barth\u00e9lemy, \u00e0 proximit\u00e9 de la ville de New York","isPartOf":{"@id":"https:\/\/remax-stbarths.com\/#website"},"primaryImageOfPage":{"@id":"https:\/\/remax-stbarths.com\/fr\/villas-de-luxe-a-saint-barthelemy-accessibles-depuis-la-ville-de-new-york\/#primaryimage"},"datePublished":"2025-01-09T10:13:39+00:00","dateModified":"2025-01-09T10:49:21+00:00","description":"Location d'une villa de luxe \u00e0 Saint-Barth\u00e9lemy accessible depuis New York City. D\u00e9couvrez les villas de luxe de Saint-Barth\u00e9lemy avec Remax St Barts.","breadcrumb":{"@id":"https:\/\/remax-stbarths.com\/fr\/villas-de-luxe-a-saint-barthelemy-accessibles-depuis-la-ville-de-new-york\/#breadcrumb"},"inLanguage":"fr-FR","potentialAction":[{"@type":"ReadAction","target":["https:\/\/remax-stbarths.com\/fr\/villas-de-luxe-a-saint-barthelemy-accessibles-depuis-la-ville-de-new-york\/"]}]},{"@type":"BreadcrumbList","@id":"https:\/\/remax-stbarths.com\/fr\/villas-de-luxe-a-saint-barthelemy-accessibles-depuis-la-ville-de-new-york\/#breadcrumb","itemListElement":[{"@type":"ListItem","position":1,"name":"Accueil","item":"https:\/\/remax-stbarths.com\/fr\/"},{"@type":"ListItem","position":2,"name":"Location d&rsquo;une villa de luxe \u00e0 Saint-Barth\u00e9lemy accessible depuis la ville de New York"}]}]}},"_links":{"self":[{"href":"https:\/\/remax-stbarths.com\/fr\/wp-json\/wp\/v2\/pages\/43858"}],"collection":[{"href":"https:\/\/remax-stbarths.com\/fr\/wp-json\/wp\/v2\/pages"}],"about":[{"href":"https:\/\/remax-stbarths.com\/fr\/wp-json\/wp\/v2\/types\/page"}],"author":[{"embeddable":true,"href":"https:\/\/remax-stbarths.com\/fr\/wp-json\/wp\/v2\/users\/2"}],"replies":[{"embeddable":true,"href":"https:\/\/remax-stbarths.com\/fr\/wp-json\/wp\/v2\/comments?post=43858"}],"version-history":[{"count":3,"href":"https:\/\/remax-stbarths.com\/fr\/wp-json\/wp\/v2\/pages\/43858\/revisions"}],"predecessor-version":[{"id":43871,"href":"https:\/\/remax-stbarths.com\/fr\/wp-json\/wp\/v2\/pages\/43858\/revisions\/43871"}],"wp:attachment":[{"href":"https:\/\/remax-stbarths.com\/fr\/wp-json\/wp\/v2\/media?parent=43858"}],"curies":[{"name":"wp","href":"https:\/\/api.w.org\/{rel}","templated":true}]}}