{"id":43601,"date":"2024-11-18T14:37:49","date_gmt":"2024-11-18T13:37:49","guid":{"rendered":"https:\/\/remax-stbarths.com\/villa-st-barth-property-management\/"},"modified":"2024-11-25T10:59:42","modified_gmt":"2024-11-25T09:59:42","slug":"villa-st-barth-property-management","status":"publish","type":"page","link":"https:\/\/remax-stbarths.com\/fr\/villa-st-barth-property-management\/","title":{"rendered":"Villa St Barth Property Management"},"content":{"rendered":"<p><center><br \/>\n<img title=\"remax services villa st barts 5\"  src=\"https:\/\/remax-stbarths.com\/wp-content\/uploads\/2024\/11\/remax-services-villa-st-barts-5.jpg\" alt=\"remax services villa st barts 5\" width=\"1200\" height=\"309\" class=\"size-full wp-image-43548\" \/><\/p>\n<div id=\"rental\">\n<div class=\"title-container\">\n<h1><span>Villa St Barth Property Management by remax<\/span><\/h1>\n<p class=\"title-desc\">We Create Lifestyle<\/p>\n<\/div>\n<h2>Gestion des Villas \u00e0 St Barth : Expertise et Excellence<\/h2>\n<p style=\"margin-left: 5px;margin-right:5px;\">La gestion des villas \u00e0 St Barth n\u00e9cessite une expertise approfondie et une vigilance de tous les instants. En raison du climat tropical unique de Saint Barth\u00e9lemy, un entretien r\u00e9gulier est essentiel pour garantir la durabilit\u00e9 et le confort des propri\u00e9t\u00e9s.<br \/>\nVoici comment notre service de management de villas \u00e0 St Barth se distingue :<\/p>\n<p><\/p>\n<p><img title=\"Villa St Barth Property Management REMAX 3\"  src=\"https:\/\/remax-stbarths.com\/wp-content\/uploads\/2024\/11\/Villa-St-Barth-Property-Management-REMAX-3.jpg\" alt=\"Villa St Barth Property Management REMAX 3\" width=\"800\" height=\"568\" class=\"size-full wp-image-43609\" \/> <\/p>\n<h2>Gestion quotidienne et coordination des \u00e9quipes<\/h2>\n<p style=\"margin-left: 5px;margin-right:5px;\">La gestion d&rsquo;une villa sur l&rsquo;\u00eele implique une coordination harmonieuse de diff\u00e9rentes \u00e9quipes : jardiniers, femmes de m\u00e9nage, techniciens de piscine, \u00e9lectriciens et plombiers. Nous assurons une organisation fluide, de la planification des t\u00e2ches \u00e0 la supervision des interventions pour maintenir la villa en parfait \u00e9tat.<\/p>\n<p><\/p>\n<p><img title=\"remax personal concierge services villa st barts\"  src=\"https:\/\/remax-stbarths.com\/wp-content\/uploads\/2024\/11\/remax-personal-concierge-services-villa-st-barts.jpg\" alt=\"remax personal concierge services villa st barts\" width=\"800\" height=\"468\" class=\"size-full wp-image-43518\" \/><\/p>\n<h2>Maintenance pr\u00e9ventive et corrective<\/h2>\n<p style=\"margin-left: 5px;margin-right:5px;\">Nous effectuons des inspections r\u00e9guli\u00e8res pour pr\u00e9venir les probl\u00e8mes potentiels, tels que le traitement contre les termites, la v\u00e9rification des syst\u00e8mes de climatisation et l&rsquo;entretien des toitures. En cas de souci impr\u00e9vu, notre \u00e9quipe r\u00e9agit rapidement pour r\u00e9soudre tout incident, des pannes d&rsquo;appareils aux d\u00e9g\u00e2ts caus\u00e9s par des intemp\u00e9ries.<\/p>\n<p><\/p>\n<p><img title=\"Villa St Barth Property Management REMAX 1\"  src=\"https:\/\/remax-stbarths.com\/wp-content\/uploads\/2024\/11\/Villa-St-Barth-Property-Management-REMAX-1.jpg\" alt=\"Villa St Barth Property Management REMAX 1\" width=\"800\" height=\"468\" class=\"size-full wp-image-43605\" \/><\/p>\n<h2>Gestion des ressources et des stocks<\/h2>\n<p style=\"margin-left: 5px;margin-right:5px;\">Pour garantir que la villa reste impeccable, nous g\u00e9rons l&rsquo;approvisionnement en produits d&rsquo;entretien, pi\u00e8ces de rechange et \u00e9quipements essentiels aux r\u00e9parations, afin d&rsquo;assurer un service continu.<\/p>\n<p><\/p>\n<p><img title=\"remax services villa st barts 3\"  src=\"https:\/\/remax-stbarths.com\/wp-content\/uploads\/2024\/11\/remax-services-villa-st-barts-3.jpg\" alt=\"remax services villa st barts 3\" width=\"800\" height=\"468\" class=\"size-full wp-image-43532\" \/><\/p>\n<h2>Disponibilit\u00e9 24\/7 et r\u00e9activit\u00e9<\/h2>\n<p style=\"margin-left: 5px;margin-right:5px;\">Nos \u00e9quipes de gestion sont disponibles 24 heures sur 24, 7 jours sur 7, pour r\u00e9pondre aux urgences. Que ce soit un \u00e9lectricien, un plombier ou un autre sp\u00e9cialiste, nous intervenons rapidement pour minimiser les d\u00e9sagr\u00e9ments.<\/p>\n<p style=\"margin-left: 5px;margin-right:5px;\">Avec notre expertise en gestion de villas \u00e0 St Barth, nous veillons \u00e0 ce que chaque propri\u00e9t\u00e9 soit maintenue en excellent \u00e9tat, offrant ainsi \u00e0 nos clients une exp\u00e9rience de s\u00e9jour irr\u00e9prochable.<\/p>\n<p><img title=\"Villa St Barth Property Management REMAX 2\"  src=\"https:\/\/remax-stbarths.com\/wp-content\/uploads\/2024\/11\/Villa-St-Barth-Property-Management-REMAX-2.jpg\" alt=\"Villa St Barth Property Management REMAX 2\" width=\"800\" height=\"468\" class=\"size-full wp-image-43607\" \/><\/p>\n<\/div>\n<p><\/center><\/p>\n","protected":false},"excerpt":{"rendered":"<p>Villa St Barth Property Management by remax We Create Lifestyle Gestion des Villas \u00e0 St Barth : Expertise et Excellence La gestion des villas \u00e0 St Barth n\u00e9cessite une expertise approfondie et une vigilance de tous les instants. En raison du climat tropical unique de Saint Barth\u00e9lemy, un entretien r\u00e9gulier est essentiel pour garantir la [&hellip;]<\/p>\n","protected":false},"author":2,"featured_media":0,"parent":0,"menu_order":0,"comment_status":"closed","ping_status":"closed","template":"","meta":[],"yoast_head":"<!-- This site is optimized with the Yoast SEO plugin v18.0 - https:\/\/yoast.com\/wordpress\/plugins\/seo\/ -->\n<meta name=\"description\" content=\"Villa St Barth Property Management: Expertise and Excellence. RE\/MAX St Barths your villa rental specialist.\" \/>\n<meta name=\"robots\" content=\"index, follow, max-snippet:-1, max-image-preview:large, max-video-preview:-1\" \/>\n<link rel=\"canonical\" href=\"https:\/\/remax-stbarths.com\/fr\/villa-st-barth-property-management\/\" \/>\n<meta property=\"og:locale\" content=\"fr_FR\" \/>\n<meta property=\"og:type\" content=\"article\" \/>\n<meta property=\"og:title\" content=\"Villa management in St Barts - Remax St Barths Villa Rental Specialist\" \/>\n<meta property=\"og:description\" content=\"Villa St Barth Property Management: Expertise and Excellence. RE\/MAX St Barths your villa rental specialist.\" \/>\n<meta property=\"og:url\" content=\"https:\/\/remax-stbarths.com\/fr\/villa-st-barth-property-management\/\" \/>\n<meta property=\"og:site_name\" content=\"Remax St-Barts\" \/>\n<meta property=\"article:modified_time\" content=\"2024-11-25T09:59:42+00:00\" \/>\n<meta property=\"og:image\" content=\"https:\/\/remax-stbarths.com\/wp-content\/uploads\/2024\/11\/remax-services-villa-st-barts-5.jpg\" \/>\n<meta name=\"twitter:card\" content=\"summary_large_image\" \/>\n<meta name=\"twitter:label1\" content=\"Dur\u00e9e de lecture estim\u00e9e\" \/>\n\t<meta name=\"twitter:data1\" content=\"2 minutes\" \/>\n<script type=\"application\/ld+json\" class=\"yoast-schema-graph\">{\"@context\":\"https:\/\/schema.org\",\"@graph\":[{\"@type\":\"WebSite\",\"@id\":\"https:\/\/remax-stbarths.com\/#website\",\"url\":\"https:\/\/remax-stbarths.com\/\",\"name\":\"Remax St-Barts\",\"description\":\"St Barth Villa Rental &amp; Real Estate Specialists\",\"potentialAction\":[{\"@type\":\"SearchAction\",\"target\":{\"@type\":\"EntryPoint\",\"urlTemplate\":\"https:\/\/remax-stbarths.com\/?s={search_term_string}\"},\"query-input\":\"required name=search_term_string\"}],\"inLanguage\":\"fr-FR\"},{\"@type\":\"ImageObject\",\"@id\":\"https:\/\/remax-stbarths.com\/fr\/villa-st-barth-property-management\/#primaryimage\",\"inLanguage\":\"fr-FR\",\"url\":\"https:\/\/remax-stbarths.com\/wp-content\/uploads\/2024\/11\/remax-services-villa-st-barts-5.jpg\",\"contentUrl\":\"https:\/\/remax-stbarths.com\/wp-content\/uploads\/2024\/11\/remax-services-villa-st-barts-5.jpg\",\"width\":1500,\"height\":309,\"caption\":\"remax services villa st barts 5\"},{\"@type\":\"WebPage\",\"@id\":\"https:\/\/remax-stbarths.com\/fr\/villa-st-barth-property-management\/#webpage\",\"url\":\"https:\/\/remax-stbarths.com\/fr\/villa-st-barth-property-management\/\",\"name\":\"Villa management in St Barts - Remax St Barths Villa Rental Specialist\",\"isPartOf\":{\"@id\":\"https:\/\/remax-stbarths.com\/#website\"},\"primaryImageOfPage\":{\"@id\":\"https:\/\/remax-stbarths.com\/fr\/villa-st-barth-property-management\/#primaryimage\"},\"datePublished\":\"2024-11-18T13:37:49+00:00\",\"dateModified\":\"2024-11-25T09:59:42+00:00\",\"description\":\"Villa St Barth Property Management: Expertise and Excellence. RE\/MAX St Barths your villa rental specialist.\",\"breadcrumb\":{\"@id\":\"https:\/\/remax-stbarths.com\/fr\/villa-st-barth-property-management\/#breadcrumb\"},\"inLanguage\":\"fr-FR\",\"potentialAction\":[{\"@type\":\"ReadAction\",\"target\":[\"https:\/\/remax-stbarths.com\/fr\/villa-st-barth-property-management\/\"]}]},{\"@type\":\"BreadcrumbList\",\"@id\":\"https:\/\/remax-stbarths.com\/fr\/villa-st-barth-property-management\/#breadcrumb\",\"itemListElement\":[{\"@type\":\"ListItem\",\"position\":1,\"name\":\"Accueil\",\"item\":\"https:\/\/remax-stbarths.com\/fr\/\"},{\"@type\":\"ListItem\",\"position\":2,\"name\":\"Villa St Barth Property Management\"}]}]}<\/script>\n<!-- \/ Yoast SEO plugin. -->","yoast_head_json":{"description":"Villa St Barth Property Management: Expertise and Excellence. RE\/MAX St Barths your villa rental specialist.","robots":{"index":"index","follow":"follow","max-snippet":"max-snippet:-1","max-image-preview":"max-image-preview:large","max-video-preview":"max-video-preview:-1"},"canonical":"https:\/\/remax-stbarths.com\/fr\/villa-st-barth-property-management\/","og_locale":"fr_FR","og_type":"article","og_title":"Villa management in St Barts - Remax St Barths Villa Rental Specialist","og_description":"Villa St Barth Property Management: Expertise and Excellence. RE\/MAX St Barths your villa rental specialist.","og_url":"https:\/\/remax-stbarths.com\/fr\/villa-st-barth-property-management\/","og_site_name":"Remax St-Barts","article_modified_time":"2024-11-25T09:59:42+00:00","og_image":[{"url":"https:\/\/remax-stbarths.com\/wp-content\/uploads\/2024\/11\/remax-services-villa-st-barts-5.jpg"}],"twitter_card":"summary_large_image","twitter_misc":{"Dur\u00e9e de lecture estim\u00e9e":"2 minutes"},"schema":{"@context":"https:\/\/schema.org","@graph":[{"@type":"WebSite","@id":"https:\/\/remax-stbarths.com\/#website","url":"https:\/\/remax-stbarths.com\/","name":"Remax St-Barts","description":"St Barth Villa Rental &amp; Real Estate Specialists","potentialAction":[{"@type":"SearchAction","target":{"@type":"EntryPoint","urlTemplate":"https:\/\/remax-stbarths.com\/?s={search_term_string}"},"query-input":"required name=search_term_string"}],"inLanguage":"fr-FR"},{"@type":"ImageObject","@id":"https:\/\/remax-stbarths.com\/fr\/villa-st-barth-property-management\/#primaryimage","inLanguage":"fr-FR","url":"https:\/\/remax-stbarths.com\/wp-content\/uploads\/2024\/11\/remax-services-villa-st-barts-5.jpg","contentUrl":"https:\/\/remax-stbarths.com\/wp-content\/uploads\/2024\/11\/remax-services-villa-st-barts-5.jpg","width":1500,"height":309,"caption":"remax services villa st barts 5"},{"@type":"WebPage","@id":"https:\/\/remax-stbarths.com\/fr\/villa-st-barth-property-management\/#webpage","url":"https:\/\/remax-stbarths.com\/fr\/villa-st-barth-property-management\/","name":"Villa management in St Barts - Remax St Barths Villa Rental Specialist","isPartOf":{"@id":"https:\/\/remax-stbarths.com\/#website"},"primaryImageOfPage":{"@id":"https:\/\/remax-stbarths.com\/fr\/villa-st-barth-property-management\/#primaryimage"},"datePublished":"2024-11-18T13:37:49+00:00","dateModified":"2024-11-25T09:59:42+00:00","description":"Villa St Barth Property Management: Expertise and Excellence. RE\/MAX St Barths your villa rental specialist.","breadcrumb":{"@id":"https:\/\/remax-stbarths.com\/fr\/villa-st-barth-property-management\/#breadcrumb"},"inLanguage":"fr-FR","potentialAction":[{"@type":"ReadAction","target":["https:\/\/remax-stbarths.com\/fr\/villa-st-barth-property-management\/"]}]},{"@type":"BreadcrumbList","@id":"https:\/\/remax-stbarths.com\/fr\/villa-st-barth-property-management\/#breadcrumb","itemListElement":[{"@type":"ListItem","position":1,"name":"Accueil","item":"https:\/\/remax-stbarths.com\/fr\/"},{"@type":"ListItem","position":2,"name":"Villa St Barth Property Management"}]}]}},"_links":{"self":[{"href":"https:\/\/remax-stbarths.com\/fr\/wp-json\/wp\/v2\/pages\/43601"}],"collection":[{"href":"https:\/\/remax-stbarths.com\/fr\/wp-json\/wp\/v2\/pages"}],"about":[{"href":"https:\/\/remax-stbarths.com\/fr\/wp-json\/wp\/v2\/types\/page"}],"author":[{"embeddable":true,"href":"https:\/\/remax-stbarths.com\/fr\/wp-json\/wp\/v2\/users\/2"}],"replies":[{"embeddable":true,"href":"https:\/\/remax-stbarths.com\/fr\/wp-json\/wp\/v2\/comments?post=43601"}],"version-history":[{"count":3,"href":"https:\/\/remax-stbarths.com\/fr\/wp-json\/wp\/v2\/pages\/43601\/revisions"}],"predecessor-version":[{"id":43664,"href":"https:\/\/remax-stbarths.com\/fr\/wp-json\/wp\/v2\/pages\/43601\/revisions\/43664"}],"wp:attachment":[{"href":"https:\/\/remax-stbarths.com\/fr\/wp-json\/wp\/v2\/media?parent=43601"}],"curies":[{"name":"wp","href":"https:\/\/api.w.org\/{rel}","templated":true}]}}