{"id":43492,"date":"2024-11-11T14:32:02","date_gmt":"2024-11-11T13:32:02","guid":{"rendered":"https:\/\/remax-stbarths.com\/services-de-villa-sur-mesure-par-remax\/"},"modified":"2024-12-11T13:30:29","modified_gmt":"2024-12-11T12:30:29","slug":"services-de-villa-sur-mesure-par-remax","status":"publish","type":"page","link":"https:\/\/remax-stbarths.com\/fr\/services-de-villa-sur-mesure-par-remax\/","title":{"rendered":"Services de villa sur mesure par remax"},"content":{"rendered":"<p><center><br \/>\n<img class=\"size-full wp-image-43548\" title=\"remax services villa st barts 5\" src=\"https:\/\/remax-stbarths.com\/wp-content\/uploads\/2024\/11\/remax-services-villa-st-barts-5.jpg\" alt=\"remax services villa st barts 5\" width=\"1200\" height=\"309\" \/><\/center><\/p>\n<div id=\"rental\">\n<div class=\"title-container\">\n<h1>Services de villa sur mesure par Remax St Barth<\/h1>\n<p class=\"title-desc\">We create lifestyle!<\/p>\n<\/div>\n<h2>NOS SERVICES EXCLUSIFS POUR VOTRE S\u00c9JOUR EN VILLA A ST. BARTH<\/h2>\n<p style=\"margin-left: 5px; margin-right: 5px;\">Chez Remax St Barth, nous sommes fiers d&rsquo;offrir des services exclusifs et sur mesure pour am\u00e9liorer votre s\u00e9jour dans l&rsquo;une de nos locations de villas de luxe \u00e0 St Barth. Que vous s\u00e9journiez dans une villa en bord de mer ou dans une villa moderne au sommet d&rsquo;uu morne, nous vous fournissons tout ce dont vous avez besoin pour une exp\u00e9rience transparente et inoubliable. Notre \u00e9quipe d\u00e9vou\u00e9e est l\u00e0 pour r\u00e9pondre \u00e0 toutes vos demandes et s&rsquo;assurer que votre s\u00e9jour dans votre villa \u00e0 Saint-Barth soit parfait.<\/p>\n<p><img class=\"size-full wp-image-43506\" src=\"https:\/\/remax-stbarths.com\/wp-content\/uploads\/2024\/11\/remax-services-villa-st-barts.jpg\" alt=\"remax services villa st barts\" width=\"800\" height=\"568\" \/><\/p>\n<h2>SERVICES DE CONCIERGERIE PERSONNELS<\/h2>\n<p style=\"margin-left: 5px; margin-right: 5px;\">Chaque client qui loue une villa \u00e0 Saint-Barth avec l\u2019\u00e9quipe Remax b\u00e9n\u00e9ficie d&rsquo;une attention personnalis\u00e9e. D\u00e8s votre r\u00e9servation, nous nous occupons de tous les d\u00e9tails de votre s\u00e9jour. Notre \u00e9quipe de concierges peut vous aider :<\/p>\n<p>&nbsp;<\/p>\n<ul>\n<li>Transferts depuis l&rsquo;a\u00e9roport : Nous organisons des transferts en voiture priv\u00e9e ou en yacht de luxe pour votre arriv\u00e9e et votre d\u00e9part.<\/li>\n<li>Service d\u2019approvisionnement : votre villa doit \u00eatre enti\u00e8rement approvisionn\u00e9e avec vos aliments et boissons pr\u00e9f\u00e9r\u00e9s avant votre arriv\u00e9e.<\/li>\n<li>Chefs priv\u00e9s : Profitez d&rsquo;une exp\u00e9rience culinaire personnalis\u00e9e avec un chef professionnel qui pr\u00e9pare les repas directement dans votre villa.<\/li>\n<li>R\u00e9servations de restaurants : Nous nous occupons des r\u00e9servations dans les meilleurs restaurants de l&rsquo;\u00eele, ce qui vous permet de d\u00e9couvrir le meilleur de la cuisine de Saint-Barth\u00e9lemy.<\/li>\n<li>Services de spa : Faites-vous dorloter avec des massages, des soins de beaut\u00e9 et des forfaits bien-\u00eatre dans votre villa.<\/li>\n<li>Location de voiture : Nous pouvons vous faire parvenir une s\u00e9lection de voiture pour votre s\u00e9jour \u00e0 St Barth<\/li>\n<\/ul>\n<p><img class=\"size-full wp-image-43518\" title=\"remax personal concierge services villa st barts\" src=\"https:\/\/remax-stbarths.com\/wp-content\/uploads\/2024\/11\/remax-personal-concierge-services-villa-st-barts.jpg\" alt=\"remax personal concierge services villa st barts\" width=\"800\" height=\"468\" \/><\/p>\n<h2>DES ACTIVIT\u00c9S ET DES EXCURSIONS SUR MESURE<\/h2>\n<p style=\"margin-left: 5px; margin-right: 5px;\">Nos locations de villas \u00e0 Saint-Barth ne se limitent pas \u00e0 un h\u00e9bergement de luxe. Nous proposons des itin\u00e9raires personnalis\u00e9s \u00e0 nos clients, leur donnant acc\u00e8s \u00e0 certaines des meilleures activit\u00e9s de l&rsquo;\u00eele.<\/p>\n<p>Laissez-nous nous occuper des r\u00e9servations :<\/p>\n<p>&nbsp;<\/p>\n<ul>\n<li>Charters de bateaux priv\u00e9s : D\u00e9couvrez les eaux cristallines de Saint-Barth ou visitez les \u00eeles voisines comme Saint-Martin et Anguilla \u00e0 bord d&rsquo;un yacht priv\u00e9.<\/li>\n<li>Sports nautiques : Qu&rsquo;il s&rsquo;agisse de plong\u00e9e avec masque et tuba, de jet ski ou de kite surf, nous pouvons organiser toute une s\u00e9rie d&rsquo;activit\u00e9s nautiques passionnantes.<\/li>\n<li>Visites de l&rsquo;\u00eele : Explorez l&rsquo;\u00eele pour d\u00e9couvrir les plages cach\u00e9es, les points de vue pittoresques et la culture locale.<\/li>\n<\/ul>\n<h2>SERVICES DANS LA VILLA<\/h2>\n<p style=\"margin-left: 5px; margin-right: 5px;\">Pour les clients qui pr\u00e9f\u00e8rent l&rsquo;intimit\u00e9 de leur location de villa \u00e0 St. Barth, nous offrons divers services dans la villa qui rendent votre s\u00e9jour encore plus confortable :<\/p>\n<ul>\n<li>M\u00e9nage et blanchisserie : Le m\u00e9nage quotidien garantit que votre villa reste impeccable, et des services de blanchisserie sont disponibles sur demande.<\/li>\n<li>Service de majordome : Profitez d&rsquo;un majordome d\u00e9vou\u00e9 qui peut vous aider dans vos t\u00e2ches quotidiennes telles que la pr\u00e9paration des repas, la coordination d&rsquo;\u00e9v\u00e9nements, etc.<\/li>\n<li>Entra\u00eeneurs de fitness et professeurs de yoga : Restez en forme pendant vos vacances gr\u00e2ce \u00e0 des s\u00e9ances d&rsquo;entra\u00eenement personnel ou de yoga dans la villa.<\/li>\n<\/ul>\n<p><img class=\"size-full wp-image-43532\" title=\"remax services villa st barts 3\" src=\"https:\/\/remax-stbarths.com\/wp-content\/uploads\/2024\/11\/remax-services-villa-st-barts-3.jpg\" alt=\"remax services villa st barts 3\" width=\"800\" height=\"468\" \/><\/p>\n<h2>PLANIFICATION D&rsquo;\u00c9V\u00c9NEMENTS ET OCCASIONS SP\u00c9CIALES<\/h2>\n<p style=\"margin-left: 5px; margin-right: 5px;\">If you&rsquo;re celebrating a special event during your stay in St. Barth, our team can assist with all aspects of planning:<\/p>\n<ul>\n<li>Mariages : Nous vous aidons \u00e0 organiser des mariages intimes avec une vue imprenable sur l&rsquo;oc\u00e9an, un service de traiteur et des d\u00e9corations.<\/li>\n<li>C\u00e9l\u00e9brations d&rsquo;anniversaire : C\u00e9l\u00e9brez votre anniversaire avec style en organisant une f\u00eate priv\u00e9e dans votre villa, avec animation, traiteur et d\u00e9coration.<\/li>\n<\/ul>\n<h2>POURQUOI CHOISIR REMAX ST BARTHS POUR VOTRE LOCATION DE VILLA A ST BARTH ?<\/h2>\n<p style=\"margin-left: 5px; margin-right: 5px;\">Lorsque vous r\u00e9servez une location de villa \u00e0 St. Barth avec l\u2019\u00e9quipe Remax, vous ne vous assurez pas seulement un h\u00e9bergement de classe mondiale, mais vous avez \u00e9galement acc\u00e8s \u00e0 des services in\u00e9gal\u00e9s qui am\u00e9liorent chaque aspect de votre s\u00e9jour. Du service de conciergerie personnalis\u00e9 aux exp\u00e9riences inoubliables sur l&rsquo;\u00eele, notre objectif est de vous offrir une exp\u00e9rience luxueuse et transparente qui vous permettra de vous d\u00e9tendre et de profiter pleinement de votre s\u00e9jour \u00e0 Saint-Barth.<\/p>\n<p style=\"margin-left: 5px; margin-right: 5px;\">Optimisez votre s\u00e9jour dans une villa de luxe \u00e0 Saint-Barth gr\u00e2ce \u00e0 nos services exclusifs. Explorez notre collection de locations de villas \u00e0 Saint-Barth et laissez-nous nous occuper des d\u00e9tails pendant que vous profitez de l&rsquo;ultime escapade dans les Cara\u00efbes.<\/p>\n<h3><a href=\"https:\/\/remax-stbarths.com\/fr\/#home-contact\" target=\"_self\" rel=\"noopener\">Contactez-nous d\u00e8s aujourd&rsquo;hui pour r\u00e9server votre villa de r\u00eave \u00e0 Saint-Barth !<\/a><\/h3>\n<p>&nbsp;<\/p>\n<\/div>\n<p>&nbsp;<\/p>\n","protected":false},"excerpt":{"rendered":"<p>Services de villa sur mesure par Remax St Barth We create lifestyle! NOS SERVICES EXCLUSIFS POUR VOTRE S\u00c9JOUR EN VILLA A ST. BARTH Chez Remax St Barth, nous sommes fiers d&rsquo;offrir des services exclusifs et sur mesure pour am\u00e9liorer votre s\u00e9jour dans l&rsquo;une de nos locations de villas de luxe \u00e0 St Barth. Que vous [&hellip;]<\/p>\n","protected":false},"author":2,"featured_media":0,"parent":0,"menu_order":0,"comment_status":"closed","ping_status":"closed","template":"","meta":[],"yoast_head":"<!-- This site is optimized with the Yoast SEO plugin v18.0 - https:\/\/yoast.com\/wordpress\/plugins\/seo\/ -->\n<meta name=\"description\" content=\"Nos services sur mesure pour votre s\u00e9jour en villa. Contactez notre \u00e9quipe Remax St Barth pour en savoir plus.\" \/>\n<meta name=\"robots\" content=\"index, follow, max-snippet:-1, max-image-preview:large, max-video-preview:-1\" \/>\n<link rel=\"canonical\" href=\"https:\/\/remax-stbarths.com\/fr\/services-de-villa-sur-mesure-par-remax\/\" \/>\n<meta property=\"og:locale\" content=\"fr_FR\" \/>\n<meta property=\"og:type\" content=\"article\" \/>\n<meta property=\"og:title\" content=\"Service sur mesure en villa - Remax St Barths Location de villas\" \/>\n<meta property=\"og:description\" content=\"Nos services sur mesure pour votre s\u00e9jour en villa. Contactez notre \u00e9quipe Remax St Barth pour en savoir plus.\" \/>\n<meta property=\"og:url\" content=\"https:\/\/remax-stbarths.com\/fr\/services-de-villa-sur-mesure-par-remax\/\" \/>\n<meta property=\"og:site_name\" content=\"Remax St-Barts\" \/>\n<meta property=\"article:modified_time\" content=\"2024-12-11T12:30:29+00:00\" \/>\n<meta property=\"og:image\" content=\"https:\/\/remax-stbarths.com\/wp-content\/uploads\/2024\/11\/remax-services-villa-st-barts-5.jpg\" \/>\n<meta name=\"twitter:card\" content=\"summary_large_image\" \/>\n<meta name=\"twitter:label1\" content=\"Dur\u00e9e de lecture estim\u00e9e\" \/>\n\t<meta name=\"twitter:data1\" content=\"4 minutes\" \/>\n<script type=\"application\/ld+json\" class=\"yoast-schema-graph\">{\"@context\":\"https:\/\/schema.org\",\"@graph\":[{\"@type\":\"WebSite\",\"@id\":\"https:\/\/remax-stbarths.com\/#website\",\"url\":\"https:\/\/remax-stbarths.com\/\",\"name\":\"Remax St-Barts\",\"description\":\"St Barth Villa Rental &amp; Real Estate Specialists\",\"potentialAction\":[{\"@type\":\"SearchAction\",\"target\":{\"@type\":\"EntryPoint\",\"urlTemplate\":\"https:\/\/remax-stbarths.com\/?s={search_term_string}\"},\"query-input\":\"required name=search_term_string\"}],\"inLanguage\":\"fr-FR\"},{\"@type\":\"ImageObject\",\"@id\":\"https:\/\/remax-stbarths.com\/fr\/services-de-villa-sur-mesure-par-remax\/#primaryimage\",\"inLanguage\":\"fr-FR\",\"url\":\"https:\/\/remax-stbarths.com\/wp-content\/uploads\/2024\/11\/remax-services-villa-st-barts-5.jpg\",\"contentUrl\":\"https:\/\/remax-stbarths.com\/wp-content\/uploads\/2024\/11\/remax-services-villa-st-barts-5.jpg\",\"width\":1500,\"height\":309,\"caption\":\"remax services villa st barts 5\"},{\"@type\":\"WebPage\",\"@id\":\"https:\/\/remax-stbarths.com\/fr\/services-de-villa-sur-mesure-par-remax\/#webpage\",\"url\":\"https:\/\/remax-stbarths.com\/fr\/services-de-villa-sur-mesure-par-remax\/\",\"name\":\"Service sur mesure en villa - Remax St Barths Location de villas\",\"isPartOf\":{\"@id\":\"https:\/\/remax-stbarths.com\/#website\"},\"primaryImageOfPage\":{\"@id\":\"https:\/\/remax-stbarths.com\/fr\/services-de-villa-sur-mesure-par-remax\/#primaryimage\"},\"datePublished\":\"2024-11-11T13:32:02+00:00\",\"dateModified\":\"2024-12-11T12:30:29+00:00\",\"description\":\"Nos services sur mesure pour votre s\u00e9jour en villa. Contactez notre \u00e9quipe Remax St Barth pour en savoir plus.\",\"breadcrumb\":{\"@id\":\"https:\/\/remax-stbarths.com\/fr\/services-de-villa-sur-mesure-par-remax\/#breadcrumb\"},\"inLanguage\":\"fr-FR\",\"potentialAction\":[{\"@type\":\"ReadAction\",\"target\":[\"https:\/\/remax-stbarths.com\/fr\/services-de-villa-sur-mesure-par-remax\/\"]}]},{\"@type\":\"BreadcrumbList\",\"@id\":\"https:\/\/remax-stbarths.com\/fr\/services-de-villa-sur-mesure-par-remax\/#breadcrumb\",\"itemListElement\":[{\"@type\":\"ListItem\",\"position\":1,\"name\":\"Accueil\",\"item\":\"https:\/\/remax-stbarths.com\/fr\/\"},{\"@type\":\"ListItem\",\"position\":2,\"name\":\"Services de villa sur mesure par remax\"}]}]}<\/script>\n<!-- \/ Yoast SEO plugin. -->","yoast_head_json":{"description":"Nos services sur mesure pour votre s\u00e9jour en villa. Contactez notre \u00e9quipe Remax St Barth pour en savoir plus.","robots":{"index":"index","follow":"follow","max-snippet":"max-snippet:-1","max-image-preview":"max-image-preview:large","max-video-preview":"max-video-preview:-1"},"canonical":"https:\/\/remax-stbarths.com\/fr\/services-de-villa-sur-mesure-par-remax\/","og_locale":"fr_FR","og_type":"article","og_title":"Service sur mesure en villa - Remax St Barths Location de villas","og_description":"Nos services sur mesure pour votre s\u00e9jour en villa. Contactez notre \u00e9quipe Remax St Barth pour en savoir plus.","og_url":"https:\/\/remax-stbarths.com\/fr\/services-de-villa-sur-mesure-par-remax\/","og_site_name":"Remax St-Barts","article_modified_time":"2024-12-11T12:30:29+00:00","og_image":[{"url":"https:\/\/remax-stbarths.com\/wp-content\/uploads\/2024\/11\/remax-services-villa-st-barts-5.jpg"}],"twitter_card":"summary_large_image","twitter_misc":{"Dur\u00e9e de lecture estim\u00e9e":"4 minutes"},"schema":{"@context":"https:\/\/schema.org","@graph":[{"@type":"WebSite","@id":"https:\/\/remax-stbarths.com\/#website","url":"https:\/\/remax-stbarths.com\/","name":"Remax St-Barts","description":"St Barth Villa Rental &amp; Real Estate Specialists","potentialAction":[{"@type":"SearchAction","target":{"@type":"EntryPoint","urlTemplate":"https:\/\/remax-stbarths.com\/?s={search_term_string}"},"query-input":"required name=search_term_string"}],"inLanguage":"fr-FR"},{"@type":"ImageObject","@id":"https:\/\/remax-stbarths.com\/fr\/services-de-villa-sur-mesure-par-remax\/#primaryimage","inLanguage":"fr-FR","url":"https:\/\/remax-stbarths.com\/wp-content\/uploads\/2024\/11\/remax-services-villa-st-barts-5.jpg","contentUrl":"https:\/\/remax-stbarths.com\/wp-content\/uploads\/2024\/11\/remax-services-villa-st-barts-5.jpg","width":1500,"height":309,"caption":"remax services villa st barts 5"},{"@type":"WebPage","@id":"https:\/\/remax-stbarths.com\/fr\/services-de-villa-sur-mesure-par-remax\/#webpage","url":"https:\/\/remax-stbarths.com\/fr\/services-de-villa-sur-mesure-par-remax\/","name":"Service sur mesure en villa - Remax St Barths Location de villas","isPartOf":{"@id":"https:\/\/remax-stbarths.com\/#website"},"primaryImageOfPage":{"@id":"https:\/\/remax-stbarths.com\/fr\/services-de-villa-sur-mesure-par-remax\/#primaryimage"},"datePublished":"2024-11-11T13:32:02+00:00","dateModified":"2024-12-11T12:30:29+00:00","description":"Nos services sur mesure pour votre s\u00e9jour en villa. Contactez notre \u00e9quipe Remax St Barth pour en savoir plus.","breadcrumb":{"@id":"https:\/\/remax-stbarths.com\/fr\/services-de-villa-sur-mesure-par-remax\/#breadcrumb"},"inLanguage":"fr-FR","potentialAction":[{"@type":"ReadAction","target":["https:\/\/remax-stbarths.com\/fr\/services-de-villa-sur-mesure-par-remax\/"]}]},{"@type":"BreadcrumbList","@id":"https:\/\/remax-stbarths.com\/fr\/services-de-villa-sur-mesure-par-remax\/#breadcrumb","itemListElement":[{"@type":"ListItem","position":1,"name":"Accueil","item":"https:\/\/remax-stbarths.com\/fr\/"},{"@type":"ListItem","position":2,"name":"Services de villa sur mesure par remax"}]}]}},"_links":{"self":[{"href":"https:\/\/remax-stbarths.com\/fr\/wp-json\/wp\/v2\/pages\/43492"}],"collection":[{"href":"https:\/\/remax-stbarths.com\/fr\/wp-json\/wp\/v2\/pages"}],"about":[{"href":"https:\/\/remax-stbarths.com\/fr\/wp-json\/wp\/v2\/types\/page"}],"author":[{"embeddable":true,"href":"https:\/\/remax-stbarths.com\/fr\/wp-json\/wp\/v2\/users\/2"}],"replies":[{"embeddable":true,"href":"https:\/\/remax-stbarths.com\/fr\/wp-json\/wp\/v2\/comments?post=43492"}],"version-history":[{"count":4,"href":"https:\/\/remax-stbarths.com\/fr\/wp-json\/wp\/v2\/pages\/43492\/revisions"}],"predecessor-version":[{"id":43720,"href":"https:\/\/remax-stbarths.com\/fr\/wp-json\/wp\/v2\/pages\/43492\/revisions\/43720"}],"wp:attachment":[{"href":"https:\/\/remax-stbarths.com\/fr\/wp-json\/wp\/v2\/media?parent=43492"}],"curies":[{"name":"wp","href":"https:\/\/api.w.org\/{rel}","templated":true}]}}