{"id":41397,"date":"2022-10-17T14:17:31","date_gmt":"2022-10-17T12:17:31","guid":{"rendered":"https:\/\/remax-stbarths.com\/location-de-villa-a-saint-barthelemy\/"},"modified":"2024-10-30T15:25:46","modified_gmt":"2024-10-30T14:25:46","slug":"location-de-villa-a-saint-barthelemy","status":"publish","type":"page","link":"https:\/\/remax-stbarths.com\/fr\/location-de-villa-a-saint-barthelemy\/","title":{"rendered":"St Barts villa rental"},"content":{"rendered":"<h1 class=\"h1\"><strong>Nous cr\u00e9ons un style de vie<\/strong><\/h1>\n<p>  Saint Barth est la vitrine ultime des styles de vie les plus d\u00e9sirables au monde. Sur cette \u00eele singuli\u00e8re et isol\u00e9e, o\u00f9 le climat idyllique, la beaut\u00e9 naturelle et la simplicit\u00e9 rencontrent le luxe et l&rsquo;abondance sans pareil, nous, chez RE\/MAX, sommes les tisserands de vos fantasmes les plus fous. Si vous pouvez en r\u00eaver, nous pouvons vous aider \u00e0 donner vie \u00e0 votre vision&#8230; dans le plus pur style de Saint-Barth\u00e9lemy.  <br \/>\n<span style=\"color:white;\"><a href=\"https:\/\/remax-stbarths.com\/st-barths-villa-rental-2\/\" style=\"color:white;\">Location de villa \u00e0 Saint-Barth\u00e9lemy<\/a><\/span><\/p>\n","protected":false},"excerpt":{"rendered":"<p>Nous cr\u00e9ons un style de vie Saint Barth est la vitrine ultime des styles de vie les plus d\u00e9sirables au monde. Sur cette \u00eele singuli\u00e8re et isol\u00e9e, o\u00f9 le climat idyllique, la beaut\u00e9 naturelle et la simplicit\u00e9 rencontrent le luxe et l&rsquo;abondance sans pareil, nous, chez RE\/MAX, sommes les tisserands de vos fantasmes les plus [&hellip;]<\/p>\n","protected":false},"author":1,"featured_media":0,"parent":0,"menu_order":1,"comment_status":"closed","ping_status":"closed","template":"template-rental.php","meta":[],"yoast_head":"<!-- This site is optimized with the Yoast SEO plugin v18.0 - https:\/\/yoast.com\/wordpress\/plugins\/seo\/ -->\n<meta name=\"description\" content=\"Location de villa \u00e0 St Barth\u00e9lemy : Notre \u00e9quipe vous aidera \u00e0 trouver la villa qui correspond le mieux \u00e0 vos besoins et \u00e0 votre budget pour vos prochaines vacances.\" \/>\n<meta name=\"robots\" content=\"index, follow, max-snippet:-1, max-image-preview:large, max-video-preview:-1\" \/>\n<link rel=\"canonical\" href=\"https:\/\/remax-stbarths.com\/fr\/location-de-villa-a-saint-barthelemy\/\" \/>\n<meta property=\"og:locale\" content=\"fr_FR\" \/>\n<meta property=\"og:type\" content=\"article\" \/>\n<meta property=\"og:title\" content=\"Sp\u00e9cialiste de la location de villas \u00e0 Saint-Barth\u00e9lemy - RE\/MAX\" \/>\n<meta property=\"og:description\" content=\"Location de villa \u00e0 St Barth\u00e9lemy : Notre \u00e9quipe vous aidera \u00e0 trouver la villa qui correspond le mieux \u00e0 vos besoins et \u00e0 votre budget pour vos prochaines vacances.\" \/>\n<meta property=\"og:url\" content=\"https:\/\/remax-stbarths.com\/fr\/location-de-villa-a-saint-barthelemy\/\" \/>\n<meta property=\"og:site_name\" content=\"Remax St-Barts\" \/>\n<meta property=\"article:modified_time\" content=\"2024-10-30T14:25:46+00:00\" \/>\n<meta name=\"twitter:card\" content=\"summary_large_image\" \/>\n<meta name=\"twitter:label1\" content=\"Dur\u00e9e de lecture estim\u00e9e\" \/>\n\t<meta name=\"twitter:data1\" content=\"1 minute\" \/>\n<script type=\"application\/ld+json\" class=\"yoast-schema-graph\">{\"@context\":\"https:\/\/schema.org\",\"@graph\":[{\"@type\":\"WebSite\",\"@id\":\"https:\/\/remax-stbarths.com\/#website\",\"url\":\"https:\/\/remax-stbarths.com\/\",\"name\":\"Remax St-Barts\",\"description\":\"St Barth Villa Rental &amp; Real Estate Specialists\",\"potentialAction\":[{\"@type\":\"SearchAction\",\"target\":{\"@type\":\"EntryPoint\",\"urlTemplate\":\"https:\/\/remax-stbarths.com\/?s={search_term_string}\"},\"query-input\":\"required name=search_term_string\"}],\"inLanguage\":\"fr-FR\"},{\"@type\":\"WebPage\",\"@id\":\"https:\/\/remax-stbarths.com\/fr\/location-de-villa-a-saint-barthelemy\/#webpage\",\"url\":\"https:\/\/remax-stbarths.com\/fr\/location-de-villa-a-saint-barthelemy\/\",\"name\":\"Sp\u00e9cialiste de la location de villas \u00e0 Saint-Barth\u00e9lemy - RE\/MAX\",\"isPartOf\":{\"@id\":\"https:\/\/remax-stbarths.com\/#website\"},\"datePublished\":\"2022-10-17T12:17:31+00:00\",\"dateModified\":\"2024-10-30T14:25:46+00:00\",\"description\":\"Location de villa \u00e0 St Barth\u00e9lemy : Notre \u00e9quipe vous aidera \u00e0 trouver la villa qui correspond le mieux \u00e0 vos besoins et \u00e0 votre budget pour vos prochaines vacances.\",\"breadcrumb\":{\"@id\":\"https:\/\/remax-stbarths.com\/fr\/location-de-villa-a-saint-barthelemy\/#breadcrumb\"},\"inLanguage\":\"fr-FR\",\"potentialAction\":[{\"@type\":\"ReadAction\",\"target\":[\"https:\/\/remax-stbarths.com\/fr\/location-de-villa-a-saint-barthelemy\/\"]}]},{\"@type\":\"BreadcrumbList\",\"@id\":\"https:\/\/remax-stbarths.com\/fr\/location-de-villa-a-saint-barthelemy\/#breadcrumb\",\"itemListElement\":[{\"@type\":\"ListItem\",\"position\":1,\"name\":\"Accueil\",\"item\":\"https:\/\/remax-stbarths.com\/fr\/\"},{\"@type\":\"ListItem\",\"position\":2,\"name\":\"St Barts villa rental\"}]}]}<\/script>\n<!-- \/ Yoast SEO plugin. -->","yoast_head_json":{"description":"Location de villa \u00e0 St Barth\u00e9lemy : Notre \u00e9quipe vous aidera \u00e0 trouver la villa qui correspond le mieux \u00e0 vos besoins et \u00e0 votre budget pour vos prochaines vacances.","robots":{"index":"index","follow":"follow","max-snippet":"max-snippet:-1","max-image-preview":"max-image-preview:large","max-video-preview":"max-video-preview:-1"},"canonical":"https:\/\/remax-stbarths.com\/fr\/location-de-villa-a-saint-barthelemy\/","og_locale":"fr_FR","og_type":"article","og_title":"Sp\u00e9cialiste de la location de villas \u00e0 Saint-Barth\u00e9lemy - RE\/MAX","og_description":"Location de villa \u00e0 St Barth\u00e9lemy : Notre \u00e9quipe vous aidera \u00e0 trouver la villa qui correspond le mieux \u00e0 vos besoins et \u00e0 votre budget pour vos prochaines vacances.","og_url":"https:\/\/remax-stbarths.com\/fr\/location-de-villa-a-saint-barthelemy\/","og_site_name":"Remax St-Barts","article_modified_time":"2024-10-30T14:25:46+00:00","twitter_card":"summary_large_image","twitter_misc":{"Dur\u00e9e de lecture estim\u00e9e":"1 minute"},"schema":{"@context":"https:\/\/schema.org","@graph":[{"@type":"WebSite","@id":"https:\/\/remax-stbarths.com\/#website","url":"https:\/\/remax-stbarths.com\/","name":"Remax St-Barts","description":"St Barth Villa Rental &amp; Real Estate Specialists","potentialAction":[{"@type":"SearchAction","target":{"@type":"EntryPoint","urlTemplate":"https:\/\/remax-stbarths.com\/?s={search_term_string}"},"query-input":"required name=search_term_string"}],"inLanguage":"fr-FR"},{"@type":"WebPage","@id":"https:\/\/remax-stbarths.com\/fr\/location-de-villa-a-saint-barthelemy\/#webpage","url":"https:\/\/remax-stbarths.com\/fr\/location-de-villa-a-saint-barthelemy\/","name":"Sp\u00e9cialiste de la location de villas \u00e0 Saint-Barth\u00e9lemy - RE\/MAX","isPartOf":{"@id":"https:\/\/remax-stbarths.com\/#website"},"datePublished":"2022-10-17T12:17:31+00:00","dateModified":"2024-10-30T14:25:46+00:00","description":"Location de villa \u00e0 St Barth\u00e9lemy : Notre \u00e9quipe vous aidera \u00e0 trouver la villa qui correspond le mieux \u00e0 vos besoins et \u00e0 votre budget pour vos prochaines vacances.","breadcrumb":{"@id":"https:\/\/remax-stbarths.com\/fr\/location-de-villa-a-saint-barthelemy\/#breadcrumb"},"inLanguage":"fr-FR","potentialAction":[{"@type":"ReadAction","target":["https:\/\/remax-stbarths.com\/fr\/location-de-villa-a-saint-barthelemy\/"]}]},{"@type":"BreadcrumbList","@id":"https:\/\/remax-stbarths.com\/fr\/location-de-villa-a-saint-barthelemy\/#breadcrumb","itemListElement":[{"@type":"ListItem","position":1,"name":"Accueil","item":"https:\/\/remax-stbarths.com\/fr\/"},{"@type":"ListItem","position":2,"name":"St Barts villa rental"}]}]}},"_links":{"self":[{"href":"https:\/\/remax-stbarths.com\/fr\/wp-json\/wp\/v2\/pages\/41397"}],"collection":[{"href":"https:\/\/remax-stbarths.com\/fr\/wp-json\/wp\/v2\/pages"}],"about":[{"href":"https:\/\/remax-stbarths.com\/fr\/wp-json\/wp\/v2\/types\/page"}],"author":[{"embeddable":true,"href":"https:\/\/remax-stbarths.com\/fr\/wp-json\/wp\/v2\/users\/1"}],"replies":[{"embeddable":true,"href":"https:\/\/remax-stbarths.com\/fr\/wp-json\/wp\/v2\/comments?post=41397"}],"version-history":[{"count":3,"href":"https:\/\/remax-stbarths.com\/fr\/wp-json\/wp\/v2\/pages\/41397\/revisions"}],"predecessor-version":[{"id":43432,"href":"https:\/\/remax-stbarths.com\/fr\/wp-json\/wp\/v2\/pages\/41397\/revisions\/43432"}],"wp:attachment":[{"href":"https:\/\/remax-stbarths.com\/fr\/wp-json\/wp\/v2\/media?parent=41397"}],"curies":[{"name":"wp","href":"https:\/\/api.w.org\/{rel}","templated":true}]}}