{"id":41394,"date":"2020-02-10T17:50:24","date_gmt":"2020-02-10T16:50:24","guid":{"rendered":"https:\/\/remax-stbarths.com\/favoris\/"},"modified":"2020-02-10T17:50:24","modified_gmt":"2020-02-10T16:50:24","slug":"favoris","status":"publish","type":"page","link":"https:\/\/remax-stbarths.com\/fr\/favoris\/","title":{"rendered":"Favoris"},"content":{"rendered":"<h1>FAVORIS<\/h1>\n<p>Ici, vous pouvez g\u00e9rer et envoyer vos favoris par courrier \u00e9lectronique.<\/p>\n","protected":false},"excerpt":{"rendered":"<p>FAVORIS Ici, vous pouvez g\u00e9rer et envoyer vos favoris par courrier \u00e9lectronique.<\/p>\n","protected":false},"author":1,"featured_media":0,"parent":0,"menu_order":10,"comment_status":"closed","ping_status":"closed","template":"template-favoris.php","meta":[],"yoast_head":"<!-- This site is optimized with the Yoast SEO plugin v18.0 - https:\/\/yoast.com\/wordpress\/plugins\/seo\/ -->\n<meta name=\"description\" content=\"Les villas pr\u00e9f\u00e9r\u00e9es de l&#039;agence de location \u00e0 Saint-Barth\u00e9lemy. Nous r\u00e9pertorions les plus belles villas de St Barth.\" \/>\n<meta name=\"robots\" content=\"index, follow, max-snippet:-1, max-image-preview:large, max-video-preview:-1\" \/>\n<link rel=\"canonical\" href=\"https:\/\/remax-stbarths.com\/fr\/favoris\/\" \/>\n<meta property=\"og:locale\" content=\"fr_FR\" \/>\n<meta property=\"og:type\" content=\"article\" \/>\n<meta property=\"og:title\" content=\"Favoris - Remax St-Barts\" \/>\n<meta property=\"og:description\" content=\"Les villas pr\u00e9f\u00e9r\u00e9es de l&#039;agence de location \u00e0 Saint-Barth\u00e9lemy. Nous r\u00e9pertorions les plus belles villas de St Barth.\" \/>\n<meta property=\"og:url\" content=\"https:\/\/remax-stbarths.com\/fr\/favoris\/\" \/>\n<meta property=\"og:site_name\" content=\"Remax St-Barts\" \/>\n<meta name=\"twitter:card\" content=\"summary_large_image\" \/>\n<script type=\"application\/ld+json\" class=\"yoast-schema-graph\">{\"@context\":\"https:\/\/schema.org\",\"@graph\":[{\"@type\":\"WebSite\",\"@id\":\"https:\/\/remax-stbarths.com\/#website\",\"url\":\"https:\/\/remax-stbarths.com\/\",\"name\":\"Remax St-Barts\",\"description\":\"St Barth Villa Rental &amp; Real Estate Specialists\",\"potentialAction\":[{\"@type\":\"SearchAction\",\"target\":{\"@type\":\"EntryPoint\",\"urlTemplate\":\"https:\/\/remax-stbarths.com\/?s={search_term_string}\"},\"query-input\":\"required name=search_term_string\"}],\"inLanguage\":\"fr-FR\"},{\"@type\":\"WebPage\",\"@id\":\"https:\/\/remax-stbarths.com\/fr\/favoris\/#webpage\",\"url\":\"https:\/\/remax-stbarths.com\/fr\/favoris\/\",\"name\":\"Favoris - Remax St-Barts\",\"isPartOf\":{\"@id\":\"https:\/\/remax-stbarths.com\/#website\"},\"datePublished\":\"2020-02-10T16:50:24+00:00\",\"dateModified\":\"2020-02-10T16:50:24+00:00\",\"description\":\"Les villas pr\u00e9f\u00e9r\u00e9es de l'agence de location \u00e0 Saint-Barth\u00e9lemy. Nous r\u00e9pertorions les plus belles villas de St Barth.\",\"breadcrumb\":{\"@id\":\"https:\/\/remax-stbarths.com\/fr\/favoris\/#breadcrumb\"},\"inLanguage\":\"fr-FR\",\"potentialAction\":[{\"@type\":\"ReadAction\",\"target\":[\"https:\/\/remax-stbarths.com\/fr\/favoris\/\"]}]},{\"@type\":\"BreadcrumbList\",\"@id\":\"https:\/\/remax-stbarths.com\/fr\/favoris\/#breadcrumb\",\"itemListElement\":[{\"@type\":\"ListItem\",\"position\":1,\"name\":\"Accueil\",\"item\":\"https:\/\/remax-stbarths.com\/fr\/\"},{\"@type\":\"ListItem\",\"position\":2,\"name\":\"Favoris\"}]}]}<\/script>\n<!-- \/ Yoast SEO plugin. -->","yoast_head_json":{"description":"Les villas pr\u00e9f\u00e9r\u00e9es de l'agence de location \u00e0 Saint-Barth\u00e9lemy. Nous r\u00e9pertorions les plus belles villas de St Barth.","robots":{"index":"index","follow":"follow","max-snippet":"max-snippet:-1","max-image-preview":"max-image-preview:large","max-video-preview":"max-video-preview:-1"},"canonical":"https:\/\/remax-stbarths.com\/fr\/favoris\/","og_locale":"fr_FR","og_type":"article","og_title":"Favoris - Remax St-Barts","og_description":"Les villas pr\u00e9f\u00e9r\u00e9es de l'agence de location \u00e0 Saint-Barth\u00e9lemy. Nous r\u00e9pertorions les plus belles villas de St Barth.","og_url":"https:\/\/remax-stbarths.com\/fr\/favoris\/","og_site_name":"Remax St-Barts","twitter_card":"summary_large_image","schema":{"@context":"https:\/\/schema.org","@graph":[{"@type":"WebSite","@id":"https:\/\/remax-stbarths.com\/#website","url":"https:\/\/remax-stbarths.com\/","name":"Remax St-Barts","description":"St Barth Villa Rental &amp; Real Estate Specialists","potentialAction":[{"@type":"SearchAction","target":{"@type":"EntryPoint","urlTemplate":"https:\/\/remax-stbarths.com\/?s={search_term_string}"},"query-input":"required name=search_term_string"}],"inLanguage":"fr-FR"},{"@type":"WebPage","@id":"https:\/\/remax-stbarths.com\/fr\/favoris\/#webpage","url":"https:\/\/remax-stbarths.com\/fr\/favoris\/","name":"Favoris - Remax St-Barts","isPartOf":{"@id":"https:\/\/remax-stbarths.com\/#website"},"datePublished":"2020-02-10T16:50:24+00:00","dateModified":"2020-02-10T16:50:24+00:00","description":"Les villas pr\u00e9f\u00e9r\u00e9es de l'agence de location \u00e0 Saint-Barth\u00e9lemy. Nous r\u00e9pertorions les plus belles villas de St Barth.","breadcrumb":{"@id":"https:\/\/remax-stbarths.com\/fr\/favoris\/#breadcrumb"},"inLanguage":"fr-FR","potentialAction":[{"@type":"ReadAction","target":["https:\/\/remax-stbarths.com\/fr\/favoris\/"]}]},{"@type":"BreadcrumbList","@id":"https:\/\/remax-stbarths.com\/fr\/favoris\/#breadcrumb","itemListElement":[{"@type":"ListItem","position":1,"name":"Accueil","item":"https:\/\/remax-stbarths.com\/fr\/"},{"@type":"ListItem","position":2,"name":"Favoris"}]}]}},"_links":{"self":[{"href":"https:\/\/remax-stbarths.com\/fr\/wp-json\/wp\/v2\/pages\/41394"}],"collection":[{"href":"https:\/\/remax-stbarths.com\/fr\/wp-json\/wp\/v2\/pages"}],"about":[{"href":"https:\/\/remax-stbarths.com\/fr\/wp-json\/wp\/v2\/types\/page"}],"author":[{"embeddable":true,"href":"https:\/\/remax-stbarths.com\/fr\/wp-json\/wp\/v2\/users\/1"}],"replies":[{"embeddable":true,"href":"https:\/\/remax-stbarths.com\/fr\/wp-json\/wp\/v2\/comments?post=41394"}],"version-history":[{"count":0,"href":"https:\/\/remax-stbarths.com\/fr\/wp-json\/wp\/v2\/pages\/41394\/revisions"}],"wp:attachment":[{"href":"https:\/\/remax-stbarths.com\/fr\/wp-json\/wp\/v2\/media?parent=41394"}],"curies":[{"name":"wp","href":"https:\/\/api.w.org\/{rel}","templated":true}]}}